{"id":44,"date":"2024-05-01T19:40:24","date_gmt":"2024-05-01T17:40:24","guid":{"rendered":"https:\/\/club-aikido-pradettes.com\/?page_id=44"},"modified":"2025-08-04T04:26:24","modified_gmt":"2025-08-04T02:26:24","slug":"aikido-adultes","status":"publish","type":"page","link":"https:\/\/club-aikido-pradettes.com\/index.php\/aikido-adultes\/","title":{"rendered":"A\u00efkido Adultes"},"content":{"rendered":"\n<p style=\"font-size:14px\">La section A\u00efkido Adultes accueille les pratiquants et pratiquantes de plus de 13 ans, du niveau d\u00e9butant \u00e0 la ceinture noire.<\/p>\n\n\n\n<p style=\"font-size:14px\">Un large panel de techniques est \u00e9tudi\u00e9 toute l\u2019ann\u00e9e, de mani\u00e8re \u00e0 ce que chaque pratiquant puisse pr\u00e9senter le grade ad\u00e9quat en fin d\u2019ann\u00e9e.<\/p>\n\n\n\n<p style=\"font-size:14px\">Les techniques avec armes (tanto, jo, ken) sont \u00e9galement \u00e9tudi\u00e9es.<\/p>\n\n\n\n<figure class=\"wp-block-video\"><video height=\"1080\" style=\"aspect-ratio: 1920 \/ 1080;\" width=\"1920\" autoplay controls muted src=\"http:\/\/club-aikido-pradettes.com\/wp-content\/uploads\/2024\/09\/aikido-pradettes-video-avec-celine.mp4\" playsinline><\/video><figcaption class=\"wp-element-caption\">Technique kote-gaeshi realisee par Celine<\/figcaption><\/figure>\n\n\n\n<p style=\"font-size:14px\">Des exercices de pr\u00e9paration physique sont propos\u00e9s.<\/p>\n\n\n\n<p style=\"font-size:14px\">Khalid et ses \u00e9l\u00e8ves se rendent r\u00e9guli\u00e8rement aux stages ou \u00e0 des rencontres avec d\u2019autres clubs. Des photos de ces stages et rencontres sont r\u00e9guli\u00e8rement publi\u00e9es dans la rubrique Multim\u00e9dia.<\/p>\n\n\n\n<h2 class=\"wp-block-heading\">Informations pratiques<\/h2>\n\n\n\n<p style=\"font-size:14px\">Les cours ont lieu :<\/p>\n\n\n\n<ul class=\"wp-block-list has-small-font-size\">\n<li>le jeudi de 19h30 \u00e0 21h30<\/li>\n\n\n\n<li>le samedi de 11h45 \u00e0 13h<\/li>\n<\/ul>\n\n\n\n<p style=\"font-size:14px\">Le tarif, ainsi que les documents \u00e0 fournir en d\u00e9but d&rsquo;ann\u00e9e, sont d\u00e9taill\u00e9s dans le dossier d\u2019inscription t\u00e9l\u00e9chargeable en cliquant <a href=\"https:\/\/club-aikido-pradettes.com\/resource\/club-aikido-pradettes-dossier-inscription-2025-2026.pdf\" data-type=\"link\" data-id=\"https:\/\/club-aikido-pradettes.com\/resource\/club-aikido-pradettes-dossier-inscription-2023.pdf\" target=\"_blank\" rel=\"noreferrer noopener\">ici<\/a>.<\/p>\n\n\n\n<p style=\"font-size:14px\">N&rsquo;h\u00e9sitez pas \u00e0 venir \u00e0 ces horaires pour faire un cours d\u2019essai, muni d\u2019un certificat m\u00e9dical et d\u2019une tenue adapt\u00e9e.<\/p>\n","protected":false},"excerpt":{"rendered":"<p>La section A\u00efkido Adultes accueille les pratiquants et pratiquantes de plus de 13 ans, du niveau d\u00e9butant \u00e0 la ceinture noire. Un [&hellip;]<\/p>\n","protected":false},"author":1,"featured_media":0,"parent":0,"menu_order":0,"comment_status":"closed","ping_status":"closed","template":"","meta":{"footnotes":""},"class_list":["post-44","page","type-page","status-publish","hentry"],"_links":{"self":[{"href":"https:\/\/club-aikido-pradettes.com\/index.php\/wp-json\/wp\/v2\/pages\/44","targetHints":{"allow":["GET"]}}],"collection":[{"href":"https:\/\/club-aikido-pradettes.com\/index.php\/wp-json\/wp\/v2\/pages"}],"about":[{"href":"https:\/\/club-aikido-pradettes.com\/index.php\/wp-json\/wp\/v2\/types\/page"}],"author":[{"embeddable":true,"href":"https:\/\/club-aikido-pradettes.com\/index.php\/wp-json\/wp\/v2\/users\/1"}],"replies":[{"embeddable":true,"href":"https:\/\/club-aikido-pradettes.com\/index.php\/wp-json\/wp\/v2\/comments?post=44"}],"version-history":[{"count":7,"href":"https:\/\/club-aikido-pradettes.com\/index.php\/wp-json\/wp\/v2\/pages\/44\/revisions"}],"predecessor-version":[{"id":112,"href":"https:\/\/club-aikido-pradettes.com\/index.php\/wp-json\/wp\/v2\/pages\/44\/revisions\/112"}],"wp:attachment":[{"href":"https:\/\/club-aikido-pradettes.com\/index.php\/wp-json\/wp\/v2\/media?parent=44"}],"curies":[{"name":"wp","href":"https:\/\/api.w.org\/{rel}","templated":true}]}}