{"id":51,"date":"2024-05-01T21:08:25","date_gmt":"2024-05-01T19:08:25","guid":{"rendered":"https:\/\/club-aikido-pradettes.com\/?page_id=51"},"modified":"2025-08-04T04:30:01","modified_gmt":"2025-08-04T02:30:01","slug":"aikido-kids","status":"publish","type":"page","link":"https:\/\/club-aikido-pradettes.com\/index.php\/aikido-kids\/","title":{"rendered":"A\u00efkido Kids"},"content":{"rendered":"\n<p style=\"font-size:14px\">La section A\u00efkido Kids accueille les pratiquants et pratiquantes de 6 \u00e0 13 ans (divis\u00e9s en deux sections) sans distinction de niveau.<\/p>\n\n\n\n<p style=\"font-size:14px\">L\u2019apprentissage des techniques, \u00e0 mains nues comme avec des armes adapt\u00e9es (sabre en mousse ou baton par exemple ), se fait dans la bonne humeur et sous forme ludique.<\/p>\n\n\n\n<div class=\"wp-block-columns is-layout-flex wp-container-core-columns-is-layout-9d6595d7 wp-block-columns-is-layout-flex\">\n<div class=\"wp-block-column is-layout-flow wp-block-column-is-layout-flow\" style=\"flex-basis:100%\">\n<figure class=\"wp-block-gallery has-nested-images columns-default is-cropped wp-block-gallery-1 is-layout-flex wp-block-gallery-is-layout-flex\">\n<figure class=\"wp-block-image size-full is-style-sydney-rounded\"><img loading=\"lazy\" decoding=\"async\" width=\"512\" height=\"512\" data-id=\"91\" src=\"http:\/\/club-aikido-pradettes.com\/wp-content\/uploads\/2024\/09\/IMG-20240622-WA0014_reduced-1.jpg\" alt=\"\" class=\"wp-image-91\" srcset=\"https:\/\/club-aikido-pradettes.com\/wp-content\/uploads\/2024\/09\/IMG-20240622-WA0014_reduced-1.jpg 512w, https:\/\/club-aikido-pradettes.com\/wp-content\/uploads\/2024\/09\/IMG-20240622-WA0014_reduced-1-300x300.jpg 300w, https:\/\/club-aikido-pradettes.com\/wp-content\/uploads\/2024\/09\/IMG-20240622-WA0014_reduced-1-150x150.jpg 150w, https:\/\/club-aikido-pradettes.com\/wp-content\/uploads\/2024\/09\/IMG-20240622-WA0014_reduced-1-230x230.jpg 230w, https:\/\/club-aikido-pradettes.com\/wp-content\/uploads\/2024\/09\/IMG-20240622-WA0014_reduced-1-350x350.jpg 350w, https:\/\/club-aikido-pradettes.com\/wp-content\/uploads\/2024\/09\/IMG-20240622-WA0014_reduced-1-480x480.jpg 480w\" sizes=\"auto, (max-width: 512px) 100vw, 512px\" \/><\/figure>\n\n\n\n<figure class=\"wp-block-image size-large is-style-sydney-rounded\"><img loading=\"lazy\" decoding=\"async\" width=\"512\" height=\"512\" data-id=\"96\" src=\"https:\/\/club-aikido-pradettes.com\/wp-content\/uploads\/2024\/09\/IMG-20240622-WA0011_reduced.jpg\" alt=\"\" class=\"wp-image-96\" srcset=\"https:\/\/club-aikido-pradettes.com\/wp-content\/uploads\/2024\/09\/IMG-20240622-WA0011_reduced.jpg 512w, https:\/\/club-aikido-pradettes.com\/wp-content\/uploads\/2024\/09\/IMG-20240622-WA0011_reduced-300x300.jpg 300w, https:\/\/club-aikido-pradettes.com\/wp-content\/uploads\/2024\/09\/IMG-20240622-WA0011_reduced-150x150.jpg 150w, https:\/\/club-aikido-pradettes.com\/wp-content\/uploads\/2024\/09\/IMG-20240622-WA0011_reduced-230x230.jpg 230w, https:\/\/club-aikido-pradettes.com\/wp-content\/uploads\/2024\/09\/IMG-20240622-WA0011_reduced-350x350.jpg 350w, https:\/\/club-aikido-pradettes.com\/wp-content\/uploads\/2024\/09\/IMG-20240622-WA0011_reduced-480x480.jpg 480w\" sizes=\"auto, (max-width: 512px) 100vw, 512px\" \/><\/figure>\n\n\n\n<figure class=\"wp-block-image size-large is-style-sydney-rounded\"><img loading=\"lazy\" decoding=\"async\" width=\"512\" height=\"512\" data-id=\"100\" src=\"https:\/\/club-aikido-pradettes.com\/wp-content\/uploads\/2024\/09\/IMG-20240622-WA0022_reduced.jpg\" alt=\"\" class=\"wp-image-100\" srcset=\"https:\/\/club-aikido-pradettes.com\/wp-content\/uploads\/2024\/09\/IMG-20240622-WA0022_reduced.jpg 512w, https:\/\/club-aikido-pradettes.com\/wp-content\/uploads\/2024\/09\/IMG-20240622-WA0022_reduced-300x300.jpg 300w, https:\/\/club-aikido-pradettes.com\/wp-content\/uploads\/2024\/09\/IMG-20240622-WA0022_reduced-150x150.jpg 150w, https:\/\/club-aikido-pradettes.com\/wp-content\/uploads\/2024\/09\/IMG-20240622-WA0022_reduced-230x230.jpg 230w, https:\/\/club-aikido-pradettes.com\/wp-content\/uploads\/2024\/09\/IMG-20240622-WA0022_reduced-350x350.jpg 350w, https:\/\/club-aikido-pradettes.com\/wp-content\/uploads\/2024\/09\/IMG-20240622-WA0022_reduced-480x480.jpg 480w\" sizes=\"auto, (max-width: 512px) 100vw, 512px\" \/><\/figure>\n<\/figure>\n<\/div>\n<\/div>\n\n\n\n<p style=\"font-size:14px\">Khalid organise un certain de nombre de stages enfants dans l\u2019ann\u00e9e et annonce r\u00e9guli\u00e8rement les autres stages enfants.<\/p>\n\n\n\n<h2 class=\"wp-block-heading\">Informations pratiques<\/h2>\n\n\n\n<p style=\"font-size:14px\">Les cours ont lieu :<\/p>\n\n\n\n<ul class=\"wp-block-list\">\n<li class=\"has-small-font-size\">le jeudi de 17h30 \u00e0 18h30 pour les enfants \u00e2g\u00e9s de 6 \u00e0 9 ans<\/li>\n\n\n\n<li class=\"has-small-font-size\">le jeudi de 18h30 \u00e0 19h30 pour les enfants \u00e2g\u00e9s de 10 \u00e0 13 ans<\/li>\n<\/ul>\n\n\n\n<p style=\"font-size:14px\">Le tarif, ainsi que les documents \u00e0 fournir en d\u00e9but d&rsquo;ann\u00e9e, sont d\u00e9taill\u00e9s dans le dossier d\u2019inscription t\u00e9l\u00e9chargeable en cliquant <a href=\"https:\/\/club-aikido-pradettes.com\/resource\/club-aikido-pradettes-dossier-inscription-2025-2026.pdf\" data-type=\"link\" data-id=\"https:\/\/club-aikido-pradettes.com\/resource\/club-aikido-pradettes-dossier-inscription-2023.pdf\" target=\"_blank\" rel=\"noreferrer noopener\">ici<\/a>.<\/p>\n\n\n\n<p style=\"font-size:14px\">N\u2019h\u00e9sitez pas \u00e0 venir avec votre enfant \u00e0 ces horaires pour faire un cours d\u2019essai, muni d\u2019un certificat m\u00e9dical et d\u2019une tenue adapt\u00e9e.<\/p>\n","protected":false},"excerpt":{"rendered":"<p>La section A\u00efkido Kids accueille les pratiquants et pratiquantes de 6 \u00e0 13 ans (divis\u00e9s en deux sections) sans distinction de niveau. [&hellip;]<\/p>\n","protected":false},"author":1,"featured_media":0,"parent":0,"menu_order":0,"comment_status":"closed","ping_status":"closed","template":"","meta":{"footnotes":""},"class_list":["post-51","page","type-page","status-publish","hentry"],"_links":{"self":[{"href":"https:\/\/club-aikido-pradettes.com\/index.php\/wp-json\/wp\/v2\/pages\/51","targetHints":{"allow":["GET"]}}],"collection":[{"href":"https:\/\/club-aikido-pradettes.com\/index.php\/wp-json\/wp\/v2\/pages"}],"about":[{"href":"https:\/\/club-aikido-pradettes.com\/index.php\/wp-json\/wp\/v2\/types\/page"}],"author":[{"embeddable":true,"href":"https:\/\/club-aikido-pradettes.com\/index.php\/wp-json\/wp\/v2\/users\/1"}],"replies":[{"embeddable":true,"href":"https:\/\/club-aikido-pradettes.com\/index.php\/wp-json\/wp\/v2\/comments?post=51"}],"version-history":[{"count":14,"href":"https:\/\/club-aikido-pradettes.com\/index.php\/wp-json\/wp\/v2\/pages\/51\/revisions"}],"predecessor-version":[{"id":114,"href":"https:\/\/club-aikido-pradettes.com\/index.php\/wp-json\/wp\/v2\/pages\/51\/revisions\/114"}],"wp:attachment":[{"href":"https:\/\/club-aikido-pradettes.com\/index.php\/wp-json\/wp\/v2\/media?parent=51"}],"curies":[{"name":"wp","href":"https:\/\/api.w.org\/{rel}","templated":true}]}}