{"id":54,"date":"2024-05-01T21:20:53","date_gmt":"2024-05-01T19:20:53","guid":{"rendered":"https:\/\/club-aikido-pradettes.com\/?page_id=54"},"modified":"2025-08-04T04:32:06","modified_gmt":"2025-08-04T02:32:06","slug":"aiki-sante","status":"publish","type":"page","link":"https:\/\/club-aikido-pradettes.com\/index.php\/aiki-sante\/","title":{"rendered":"A\u00efki Sant\u00e9"},"content":{"rendered":"\n<p style=\"font-size:14px\">Les s\u00e9ances A\u00efki Sant\u00e9 s&rsquo;adressent aux personnes souhaitant pratiquer autour du th\u00e8me de la sant\u00e9.<\/p>\n\n\n\n<p style=\"font-size:14px\">Ces s\u00e9ances ont lieu dans un environnement adapt\u00e9, \u00e0 savoir \u00e0 :<\/p>\n\n\n\n<ul class=\"wp-block-list\">\n<li class=\"has-small-font-size\">la salle d&rsquo;agr\u00e8s du complexe sportif du Mirail (COSEC), au 6 rue Ferdinand Laulani\u00e9 &#8211; 31100 Toulouse<\/li>\n<\/ul>\n\n\n\n<h2 class=\"wp-block-heading\">Informations pratiques<\/h2>\n\n\n\n<p style=\"font-size:14px\">Les s\u00e9ances ont lieu :<\/p>\n\n\n\n<ul class=\"wp-block-list\">\n<li class=\"has-small-font-size\">le vendredi de 19h30 \u00e0 21h30<\/li>\n<\/ul>\n\n\n\n<p style=\"font-size:14px\">Le tarif, ainsi que les documents \u00e0 fournir en d\u00e9but d&rsquo;ann\u00e9e, sont d\u00e9taill\u00e9s dans le dossier d\u2019inscription t\u00e9l\u00e9chargeable en cliquant <a href=\"\/\/club-aikido-pradettes.com\/resource\/club-aikido-pradettes-dossier-inscription-2025-2026.pdf\" data-type=\"link\" data-id=\"ttps:\/\/club-aikido-pradettes.com\/resource\/club-aikido-pradettes-dossier-inscription-2023.pdf\" target=\"_blank\" rel=\"noreferrer noopener\">ici<\/a>.<\/p>\n\n\n\n<p style=\"font-size:14px\">N\u2019h\u00e9sitez pas \u00e0 venir \u00e0 ces horaires pour faire un cours d\u2019essai, muni d\u2019un certificat m\u00e9dical et d\u2019une tenue adapt\u00e9e.<\/p>\n","protected":false},"excerpt":{"rendered":"<p>Les s\u00e9ances A\u00efki Sant\u00e9 s&rsquo;adressent aux personnes souhaitant pratiquer autour du th\u00e8me de la sant\u00e9. Ces s\u00e9ances ont lieu dans un environnement [&hellip;]<\/p>\n","protected":false},"author":1,"featured_media":0,"parent":0,"menu_order":0,"comment_status":"closed","ping_status":"closed","template":"","meta":{"footnotes":""},"class_list":["post-54","page","type-page","status-publish","hentry"],"_links":{"self":[{"href":"https:\/\/club-aikido-pradettes.com\/index.php\/wp-json\/wp\/v2\/pages\/54","targetHints":{"allow":["GET"]}}],"collection":[{"href":"https:\/\/club-aikido-pradettes.com\/index.php\/wp-json\/wp\/v2\/pages"}],"about":[{"href":"https:\/\/club-aikido-pradettes.com\/index.php\/wp-json\/wp\/v2\/types\/page"}],"author":[{"embeddable":true,"href":"https:\/\/club-aikido-pradettes.com\/index.php\/wp-json\/wp\/v2\/users\/1"}],"replies":[{"embeddable":true,"href":"https:\/\/club-aikido-pradettes.com\/index.php\/wp-json\/wp\/v2\/comments?post=54"}],"version-history":[{"count":3,"href":"https:\/\/club-aikido-pradettes.com\/index.php\/wp-json\/wp\/v2\/pages\/54\/revisions"}],"predecessor-version":[{"id":115,"href":"https:\/\/club-aikido-pradettes.com\/index.php\/wp-json\/wp\/v2\/pages\/54\/revisions\/115"}],"wp:attachment":[{"href":"https:\/\/club-aikido-pradettes.com\/index.php\/wp-json\/wp\/v2\/media?parent=54"}],"curies":[{"name":"wp","href":"https:\/\/api.w.org\/{rel}","templated":true}]}}